{"id":759,"date":"2023-11-29T23:02:01","date_gmt":"2023-11-29T23:02:01","guid":{"rendered":"https:\/\/ctek.is\/?page_id=759"},"modified":"2025-03-12T22:20:49","modified_gmt":"2025-03-12T22:20:49","slug":"handmaelar","status":"publish","type":"page","link":"https:\/\/ctek.is\/?page_id=759","title":{"rendered":"Hle\u00f0slust\u00f6\u00f0var"},"content":{"rendered":"\n<p><img loading=\"lazy\" decoding=\"async\" width=\"150\" height=\"30\" class=\"wp-image-950\" style=\"width: 150px;\" src=\"https:\/\/ctek.is\/wp-content\/uploads\/CTEK-logo.png\" alt=\"\" srcset=\"https:\/\/ctek.is\/wp-content\/uploads\/CTEK-logo.png 4167w, https:\/\/ctek.is\/wp-content\/uploads\/CTEK-logo-800x162.png 800w, https:\/\/ctek.is\/wp-content\/uploads\/CTEK-logo-1280x260.png 1280w, https:\/\/ctek.is\/wp-content\/uploads\/CTEK-logo-768x156.png 768w, https:\/\/ctek.is\/wp-content\/uploads\/CTEK-logo-1536x312.png 1536w, https:\/\/ctek.is\/wp-content\/uploads\/CTEK-logo-2048x416.png 2048w\" sizes=\"auto, (max-width: 150px) 100vw, 150px\" \/><\/p>\n\n\n\n<figure class=\"wp-block-embed is-type-video is-provider-youtube wp-block-embed-youtube wp-embed-aspect-16-9 wp-has-aspect-ratio\"><div class=\"wp-block-embed__wrapper\">\n<iframe loading=\"lazy\" title=\"CTEK CHARGESTORM\u00ae CONNECTED 3\" width=\"500\" height=\"281\" src=\"https:\/\/www.youtube.com\/embed\/o9Gust1aiEo?feature=oembed\" frameborder=\"0\" allow=\"accelerometer; autoplay; clipboard-write; encrypted-media; gyroscope; picture-in-picture; web-share\" referrerpolicy=\"strict-origin-when-cross-origin\" allowfullscreen><\/iframe>\n<\/div><\/figure>\n\n\n\n<div style=\"height:47px\" aria-hidden=\"true\" class=\"wp-block-spacer\"><\/div>\n\n\n\n<div class=\"wp-block-group\"><div class=\"wp-block-group__inner-container is-layout-constrained wp-block-group-is-layout-constrained\">\n<h2 class=\"wp-block-heading\">CC3 Hle\u00f0slust\u00f6\u00f0 fyrir 1 x 22kw Type 2<\/h2>\n<\/div><\/div>\n\n\n\n<div class=\"wp-block-columns is-layout-flex wp-container-core-columns-is-layout-9d6595d7 wp-block-columns-is-layout-flex\">\n<div class=\"wp-block-column is-layout-flow wp-block-column-is-layout-flow\" style=\"flex-basis:100%\"><div class=\"wp-block-image\">\n<figure class=\"alignleft size-full is-resized\"><img loading=\"lazy\" decoding=\"async\" width=\"402\" height=\"485\" src=\"https:\/\/ctek.is\/wp-content\/uploads\/Screenshot-2024-11-02-064123-Copy-1.jpg\" alt=\"\" class=\"wp-image-1185\" style=\"width:251px;height:auto\"\/><\/figure>\n<\/div><\/div>\n<\/div>\n\n\n\n<p>Heimahle\u00f0slust\u00f6\u00f0 fyrir rafb\u00edla me\u00f0 hle\u00f0slutengla af ger\u00f0 2.<br>St\u00f6\u00f0in er \u00feriggjafasa 230\/400V og afl hennar er 1x 22 kW.<br>Einn tengill eru \u00e1 st\u00f6\u00f0inni<br>Hle\u00f0slusn\u00fara fylgir ekki me\u00f0.<br>St\u00f6\u00f0in er me\u00f0 innbygg\u00f0u \u00f6ryggi og lekali\u00f0a (B-ger\u00f0)<br>H\u00e6gt er a\u00f0 tengja st\u00f6\u00f0ina vi\u00f0 net og stj\u00f3rna henni me\u00f0 hle\u00f0slust\u00fdringu og \u00ed gegnum snjalls\u00edma.<\/p>\n\n\n\n<div class=\"wp-block-group\"><div class=\"wp-block-group__inner-container is-layout-constrained wp-block-group-is-layout-constrained\">\n<p>Me\u00f0 CTEK hle\u00f0slust\u00f6\u00f0 veist \u00fe\u00fa hvernig hle\u00f0slan gengur \u00feegar \u00fe\u00fa hle\u00f0ur b\u00edlinn \u00feinn. Ekki bara hratt og \u00f6ruggt, heldur einnig mj\u00f6g au\u00f0velt \u00ed notkun. Hle\u00f0slust\u00f6\u00f0varnar sty\u00f0ja Type2 tengi. CC3 kemur \u00ed nokkrum \u00fatf\u00e6rslum og hentar \u00feeim vel sem vilja hafa 1 e\u00f0a 2 innstungur. Me\u00f0  wifi &amp; 4G tengingu getur \u00fe\u00fa fjarst\u00fdrt hle\u00f0slust\u00f6\u00f0inni, e\u00f0a me\u00f0 netkapli. Me\u00f0 Appi getur\u00f0u vali\u00f0 hven\u00e6r \u00fe\u00fa vilt hefja hle\u00f0slu sem gerir hana sveigjanlegri.<\/p>\n\n\n\n<ul class=\"wp-block-list\">\n<li>Hle\u00f0sluafl 1,4\u201322 kW<\/li>\n\n\n\n<li>Stillanlegt hle\u00f0sluafl \u00ed gegnum app e\u00f0a hugb\u00fana\u00f0<\/li>\n\n\n\n<li>NanoGrid\u2122 kraftmikill stu\u00f0ningur vi\u00f0 \u00e1lagsst\u00fdringu<\/li>\n\n\n\n<li>Innbyggt \u00f6ryggi, AC og DC jar\u00f0tengingarskynjun, innbygg\u00f0ur orkum\u00e6lir<\/li>\n\n\n\n<li>Au\u00f0veld uppsetning og l\u00e6singarv\u00f6rn<\/li>\n\n\n\n<li>Fest \u00e1 vegg e\u00f0a staur<\/li>\n\n\n\n<li>Virkar fr\u00e1 -30 \u00b0C til +50 \u00b0C<\/li>\n\n\n\n<li>RFID lesari<\/li>\n\n\n\n<li>ISO 15118 V2G &amp; V2X<\/li>\n\n\n\n<li>OCPP 2.0.1<\/li>\n\n\n\n<li>IP54 og IK10<\/li>\n<\/ul>\n\n\n\n<div class=\"wp-block-group\"><div class=\"wp-block-group__inner-container is-layout-constrained wp-block-group-is-layout-constrained\">\n<p><a href=\"https:\/\/ctek.is\/wp-content\/uploads\/CTEK-EV-2025.pdf\" target=\"_blank\" rel=\"noreferrer noopener\">CTEK-EV-2025.pdf<\/a><\/p>\n<\/div><\/div>\n\n\n\n<div style=\"height:56px\" aria-hidden=\"true\" class=\"wp-block-spacer\"><\/div>\n<\/div><\/div>\n\n\n\n<h5 class=\"wp-block-heading\"><img loading=\"lazy\" decoding=\"async\" width=\"150\" height=\"30\" class=\"wp-image-950\" style=\"width: 150px;\" src=\"https:\/\/ctek.is\/wp-content\/uploads\/CTEK-logo.png\" alt=\"\" srcset=\"https:\/\/ctek.is\/wp-content\/uploads\/CTEK-logo.png 4167w, https:\/\/ctek.is\/wp-content\/uploads\/CTEK-logo-800x162.png 800w, https:\/\/ctek.is\/wp-content\/uploads\/CTEK-logo-1280x260.png 1280w, https:\/\/ctek.is\/wp-content\/uploads\/CTEK-logo-768x156.png 768w, https:\/\/ctek.is\/wp-content\/uploads\/CTEK-logo-1536x312.png 1536w, https:\/\/ctek.is\/wp-content\/uploads\/CTEK-logo-2048x416.png 2048w\" sizes=\"auto, (max-width: 150px) 100vw, 150px\" \/><\/h5>\n\n\n\n<div class=\"wp-block-group\"><div class=\"wp-block-group__inner-container is-layout-constrained wp-block-group-is-layout-constrained\">\n<div style=\"height:21px\" aria-hidden=\"true\" class=\"wp-block-spacer\"><\/div>\n\n\n\n<h2 class=\"wp-block-heading\">CC3 Hle\u00f0slust\u00f6\u00f0 fyrir 2 x 22kw Type 2<\/h2>\n\n\n\n<div class=\"wp-block-columns is-layout-flex wp-container-core-columns-is-layout-9d6595d7 wp-block-columns-is-layout-flex\">\n<div class=\"wp-block-column is-layout-flow wp-block-column-is-layout-flow\" style=\"flex-basis:100%\">\n<figure class=\"wp-block-image is-resized\"><img loading=\"lazy\" decoding=\"async\" width=\"1000\" height=\"500\" src=\"https:\/\/ctek.is\/wp-content\/uploads\/CHARGESTORM_CONNECTED_3-web-big-2.jpg\" alt=\"\" class=\"wp-image-1183\" style=\"width:648px;height:auto\" srcset=\"https:\/\/ctek.is\/wp-content\/uploads\/CHARGESTORM_CONNECTED_3-web-big-2.jpg 1000w, https:\/\/ctek.is\/wp-content\/uploads\/CHARGESTORM_CONNECTED_3-web-big-2-800x400.jpg 800w, https:\/\/ctek.is\/wp-content\/uploads\/CHARGESTORM_CONNECTED_3-web-big-2-768x384.jpg 768w\" sizes=\"auto, (max-width: 1000px) 100vw, 1000px\" \/><\/figure>\n<\/div>\n<\/div>\n\n\n\n<div class=\"wp-block-group\"><div class=\"wp-block-group__inner-container is-layout-constrained wp-block-group-is-layout-constrained\">\n<p>Heimahle\u00f0slust\u00f6\u00f0 fyrir rafb\u00edla me\u00f0 tvo hle\u00f0slutengla af ger\u00f0 2.<br>St\u00f6\u00f0in er \u00feriggjafasa 230\/400V og afl hennar er 2x 22 kW.<br>Tveir tenglar eru \u00e1 st\u00f6\u00f0inni \u00feannig a\u00f0 h\u00e6gt er a\u00f0 hla\u00f0a tvo b\u00edla samt\u00edmis.<br>Hle\u00f0slusn\u00farur fylgir ekki me\u00f0.<br>St\u00f6\u00f0in er me\u00f0 innbygg\u00f0u \u00f6ryggi og lekali\u00f0a (B-ger\u00f0)<br>H\u00e6gt er a\u00f0 tengja st\u00f6\u00f0ina vi\u00f0 net og stj\u00f3rna henni me\u00f0 hle\u00f0slust\u00fdringu og \u00ed gegnum snjalls\u00edma.<\/p>\n\n\n\n<p>Me\u00f0 CTEK hle\u00f0slust\u00f6\u00f0 veist \u00fe\u00fa hvernig hle\u00f0slan gengur \u00feegar \u00fe\u00fa hle\u00f0ur b\u00edlinn \u00feinn. Ekki bara hratt og \u00f6ruggt, heldur einnig mj\u00f6g au\u00f0velt \u00ed notkun. Hle\u00f0slust\u00f6\u00f0varnar sty\u00f0ja Type2 tengi.  CC3 kemur \u00ed nokkrum \u00fatf\u00e6rslum og hentar \u00feeim vel sem vilja hafa 1 e\u00f0a 2 innstungur. Me\u00f0 Wifi &amp; 4G tengingu getur \u00fe\u00fa fjarst\u00fdrt hle\u00f0slust\u00f6\u00f0inni, e\u00f0a me\u00f0 netkapli. Me\u00f0 Appi getur\u00f0u vali\u00f0 hven\u00e6r \u00fe\u00fa vilt hefja hle\u00f0slu sem gerir hana sveigjanlegri<\/p>\n\n\n\n<ul class=\"wp-block-list\">\n<li>Hle\u00f0sluafl 1,4\u201322 kW<\/li>\n\n\n\n<li>Stillanlegt hle\u00f0sluafl \u00ed gegnum app e\u00f0a hugb\u00fana\u00f0<\/li>\n\n\n\n<li>NanoGrid\u2122 kraftmikill stu\u00f0ningur vi\u00f0 \u00e1lagsst\u00fdringu<\/li>\n\n\n\n<li>Innbyggt \u00f6ryggi, AC og DC jar\u00f0tengingarskynjun, innbygg\u00f0ur orkum\u00e6lir<\/li>\n\n\n\n<li>Au\u00f0veld uppsetning og l\u00e6singarv\u00f6rn<\/li>\n\n\n\n<li>Fest \u00e1 vegg e\u00f0a staur<\/li>\n\n\n\n<li>Virkar fr\u00e1 -30 \u00b0C til +50 \u00b0C<\/li>\n\n\n\n<li>RFID lesari<\/li>\n\n\n\n<li>OCPP 2.0.1<\/li>\n\n\n\n<li>ISO 15118 V2G &amp; V2X<\/li>\n\n\n\n<li>IP54 og IK10<\/li>\n\n\n\n<li>5 \u00e1ra \u00e1byrg\u00f0<\/li>\n<\/ul>\n<\/div><\/div>\n\n\n\n<p><a href=\"https:\/\/ctek.is\/wp-content\/uploads\/CTEK-EV-2025.pdf\" target=\"_blank\" rel=\"noreferrer noopener\">CTEK-EV-2025.pdf<\/a><\/p>\n\n\n\n<div style=\"height:38px\" aria-hidden=\"true\" class=\"wp-block-spacer\"><\/div>\n\n\n\n<h5 class=\"wp-block-heading\"><img loading=\"lazy\" decoding=\"async\" width=\"150\" height=\"30\" class=\"wp-image-950\" style=\"width: 150px;\" src=\"https:\/\/ctek.is\/wp-content\/uploads\/CTEK-logo.png\" alt=\"\" srcset=\"https:\/\/ctek.is\/wp-content\/uploads\/CTEK-logo.png 4167w, https:\/\/ctek.is\/wp-content\/uploads\/CTEK-logo-800x162.png 800w, https:\/\/ctek.is\/wp-content\/uploads\/CTEK-logo-1280x260.png 1280w, https:\/\/ctek.is\/wp-content\/uploads\/CTEK-logo-768x156.png 768w, https:\/\/ctek.is\/wp-content\/uploads\/CTEK-logo-1536x312.png 1536w, https:\/\/ctek.is\/wp-content\/uploads\/CTEK-logo-2048x416.png 2048w\" sizes=\"auto, (max-width: 150px) 100vw, 150px\" \/><\/h5>\n\n\n\n<div style=\"height:21px\" aria-hidden=\"true\" class=\"wp-block-spacer\"><\/div>\n\n\n\n<h2 class=\"wp-block-heading\">CC2 Hle\u00f0slust\u00f6\u00f0 fyrir 1 x 22kw Type 2<\/h2>\n\n\n\n<figure class=\"wp-block-image size-full\"><img loading=\"lazy\" decoding=\"async\" width=\"1000\" height=\"500\" src=\"https:\/\/ctek.is\/wp-content\/uploads\/CHARGESTORM_CONNECTED_2-web-big-5.jpg\" alt=\"\" class=\"wp-image-976\" srcset=\"https:\/\/ctek.is\/wp-content\/uploads\/CHARGESTORM_CONNECTED_2-web-big-5.jpg 1000w, https:\/\/ctek.is\/wp-content\/uploads\/CHARGESTORM_CONNECTED_2-web-big-5-800x400.jpg 800w, https:\/\/ctek.is\/wp-content\/uploads\/CHARGESTORM_CONNECTED_2-web-big-5-768x384.jpg 768w\" sizes=\"auto, (max-width: 1000px) 100vw, 1000px\" \/><\/figure>\n\n\n\n<p>Heimahle\u00f0slust\u00f6\u00f0 fyrir rafb\u00edla me\u00f0 hle\u00f0slutengla af ger\u00f0 2.<br>St\u00f6\u00f0in er \u00feriggjafasa 230\/400V og afl hennar er 1x 22 kW.<br>Einn tengill eru \u00e1 st\u00f6\u00f0inni<br>Hle\u00f0slusn\u00fara fylgir ekki me\u00f0.<br>St\u00f6\u00f0in er me\u00f0 innbygg\u00f0u \u00f6ryggi og lekali\u00f0a (B-ger\u00f0)<br>H\u00e6gt er a\u00f0 tengja st\u00f6\u00f0ina vi\u00f0 net og stj\u00f3rna henni me\u00f0 hle\u00f0slust\u00fdringu og \u00ed gegnum snjalls\u00edma.<\/p>\n\n\n\n<p>Me\u00f0 CTEK hle\u00f0slust\u00f6\u00f0 veist \u00fe\u00fa hvernig hle\u00f0slan gengur \u00feegar \u00fe\u00fa hle\u00f0ur b\u00edlinn \u00feinn. Ekki bara hratt og \u00f6ruggt, heldur einnig mj\u00f6g au\u00f0velt \u00ed notkun. Hle\u00f0slust\u00f6\u00f0varnar sty\u00f0ja Type2 tengi. CHARGESTORM CONNECTED 2 kemur \u00ed nokkrum \u00fatf\u00e6rslum og hentar \u00feeim vel sem vilja hafa 1 e\u00f0a 2 innstungur. Me\u00f0 4G tengingu getur \u00fe\u00fa fjarst\u00fdrt hle\u00f0slust\u00f6\u00f0inni, e\u00f0a me\u00f0 netkapli. Me\u00f0 Appi getur\u00f0u vali\u00f0 hven\u00e6r \u00fe\u00fa vilt hefja hle\u00f0slu sem gerir hana sveigjanlegri.<\/p>\n\n\n\n<ul class=\"wp-block-list\">\n<li>Hle\u00f0sluafl 1,4\u201322 kW<\/li>\n\n\n\n<li>Stillanlegt hle\u00f0sluafl \u00ed gegnum app e\u00f0a hugb\u00fana\u00f0<\/li>\n\n\n\n<li>NanoGrid\u2122 kraftmikill stu\u00f0ningur vi\u00f0 \u00e1lagsst\u00fdringu<\/li>\n\n\n\n<li>Innbyggt \u00f6ryggi, AC og DC jar\u00f0tengingarskynjun, innbygg\u00f0ur orkum\u00e6lir<\/li>\n\n\n\n<li>Au\u00f0veld uppsetning og l\u00e6singarv\u00f6rn<\/li>\n\n\n\n<li>Fest \u00e1 vegg e\u00f0a staur<\/li>\n\n\n\n<li>Virkar fr\u00e1 -30 \u00b0C til +50 \u00b0C<\/li>\n\n\n\n<li>RFID lesari<\/li>\n\n\n\n<li>OCPP 1.6<\/li>\n\n\n\n<li>IP54 og IK10<\/li>\n\n\n\n<li>2 \u00e1ra \u00e1byrg\u00f0<\/li>\n<\/ul>\n<\/div><\/div>\n\n\n\n<div style=\"height:40px\" aria-hidden=\"true\" class=\"wp-block-spacer\"><\/div>\n\n\n\n<h5 class=\"wp-block-heading\"><img loading=\"lazy\" decoding=\"async\" width=\"150\" height=\"30\" class=\"wp-image-950\" style=\"width: 150px;\" src=\"https:\/\/ctek.is\/wp-content\/uploads\/CTEK-logo.png\" alt=\"\" srcset=\"https:\/\/ctek.is\/wp-content\/uploads\/CTEK-logo.png 4167w, https:\/\/ctek.is\/wp-content\/uploads\/CTEK-logo-800x162.png 800w, https:\/\/ctek.is\/wp-content\/uploads\/CTEK-logo-1280x260.png 1280w, https:\/\/ctek.is\/wp-content\/uploads\/CTEK-logo-768x156.png 768w, https:\/\/ctek.is\/wp-content\/uploads\/CTEK-logo-1536x312.png 1536w, https:\/\/ctek.is\/wp-content\/uploads\/CTEK-logo-2048x416.png 2048w\" sizes=\"auto, (max-width: 150px) 100vw, 150px\" \/><\/h5>\n\n\n\n<div style=\"height:20px\" aria-hidden=\"true\" class=\"wp-block-spacer\"><\/div>\n\n\n\n<h2 class=\"wp-block-heading\">CC2 Hle\u00f0slust\u00f6\u00f0 fyrir 2 x 22kw Type 2<\/h2>\n\n\n\n<figure class=\"wp-block-image size-full\"><img loading=\"lazy\" decoding=\"async\" width=\"1000\" height=\"500\" src=\"https:\/\/ctek.is\/wp-content\/uploads\/CHARGESTORM_CONNECTED_2-web-big-2.jpg\" alt=\"\" class=\"wp-image-973\" srcset=\"https:\/\/ctek.is\/wp-content\/uploads\/CHARGESTORM_CONNECTED_2-web-big-2.jpg 1000w, https:\/\/ctek.is\/wp-content\/uploads\/CHARGESTORM_CONNECTED_2-web-big-2-800x400.jpg 800w, https:\/\/ctek.is\/wp-content\/uploads\/CHARGESTORM_CONNECTED_2-web-big-2-768x384.jpg 768w\" sizes=\"auto, (max-width: 1000px) 100vw, 1000px\" \/><\/figure>\n\n\n\n<div class=\"wp-block-group\"><div class=\"wp-block-group__inner-container is-layout-constrained wp-block-group-is-layout-constrained\">\n<p>Heimahle\u00f0slust\u00f6\u00f0 fyrir rafb\u00edla me\u00f0 tvo hle\u00f0slutengla af ger\u00f0 2.<br>St\u00f6\u00f0in er \u00feriggjafasa 230\/400V og afl hennar er 2x 22 kW.<br>Tveir tenglar eru \u00e1 st\u00f6\u00f0inni \u00feannig a\u00f0 h\u00e6gt er a\u00f0 hla\u00f0a tvo b\u00edla samt\u00edmis.<br>Hle\u00f0slusn\u00farur fylgir ekki me\u00f0.<br>St\u00f6\u00f0in er me\u00f0 innbygg\u00f0u \u00f6ryggi og lekali\u00f0a (B-ger\u00f0)<br>H\u00e6gt er a\u00f0 tengja st\u00f6\u00f0ina vi\u00f0 net og stj\u00f3rna henni me\u00f0 hle\u00f0slust\u00fdringu og \u00ed gegnum snjalls\u00edma.<\/p>\n\n\n\n<p>Me\u00f0 CTEK hle\u00f0slust\u00f6\u00f0 veist \u00fe\u00fa hvernig hle\u00f0slan gengur \u00feegar \u00fe\u00fa hle\u00f0ur b\u00edlinn \u00feinn. Ekki bara hratt og \u00f6ruggt, heldur einnig mj\u00f6g au\u00f0velt \u00ed notkun. Hle\u00f0slust\u00f6\u00f0varnar sty\u00f0ja Type2 tengi. CHARGESTORM CONNECTED 2 kemur \u00ed nokkrum \u00fatf\u00e6rslum og hentar \u00feeim vel sem vilja hafa 1 e\u00f0a 2 innstungur. Me\u00f0 4G tengingu getur \u00fe\u00fa fjarst\u00fdrt hle\u00f0slust\u00f6\u00f0inni, e\u00f0a me\u00f0 netkapli. Me\u00f0 Appi getur\u00f0u vali\u00f0 hven\u00e6r \u00fe\u00fa vilt hefja hle\u00f0slu sem gerir hana sveigjanlegri.<\/p>\n\n\n\n<ul class=\"wp-block-list\">\n<li>Hle\u00f0sluafl 1,4\u201322 kW<\/li>\n\n\n\n<li>Stillanlegt hle\u00f0sluafl \u00ed gegnum app e\u00f0a hugb\u00fana\u00f0<\/li>\n\n\n\n<li>NanoGrid\u2122 kraftmikill stu\u00f0ningur vi\u00f0 \u00e1lagsst\u00fdringu<\/li>\n\n\n\n<li>Innbyggt \u00f6ryggi, AC og DC jar\u00f0tengingarskynjun, innbygg\u00f0ur orkum\u00e6lir<\/li>\n\n\n\n<li>Au\u00f0veld uppsetning og l\u00e6singarv\u00f6rn<\/li>\n\n\n\n<li>Fest \u00e1 vegg e\u00f0a staur<\/li>\n\n\n\n<li>Virkar fr\u00e1 -30 \u00b0C til +50 \u00b0C<\/li>\n\n\n\n<li>RFID lesari<\/li>\n\n\n\n<li>OCPP 1.6<\/li>\n\n\n\n<li>IP54 og IK10<\/li>\n\n\n\n<li>2 \u00e1ra \u00e1byrg\u00f0<\/li>\n<\/ul>\n<\/div><\/div>\n\n\n\n<div style=\"height:40px\" aria-hidden=\"true\" class=\"wp-block-spacer\"><\/div>\n\n\n\n<p><img loading=\"lazy\" decoding=\"async\" width=\"150\" height=\"30\" class=\"wp-image-950\" style=\"width: 150px;\" src=\"https:\/\/ctek.is\/wp-content\/uploads\/CTEK-logo.png\" alt=\"\" srcset=\"https:\/\/ctek.is\/wp-content\/uploads\/CTEK-logo.png 4167w, https:\/\/ctek.is\/wp-content\/uploads\/CTEK-logo-800x162.png 800w, https:\/\/ctek.is\/wp-content\/uploads\/CTEK-logo-1280x260.png 1280w, https:\/\/ctek.is\/wp-content\/uploads\/CTEK-logo-768x156.png 768w, https:\/\/ctek.is\/wp-content\/uploads\/CTEK-logo-1536x312.png 1536w, https:\/\/ctek.is\/wp-content\/uploads\/CTEK-logo-2048x416.png 2048w\" sizes=\"auto, (max-width: 150px) 100vw, 150px\" \/><\/p>\n\n\n\n<div style=\"height:20px\" aria-hidden=\"true\" class=\"wp-block-spacer\"><\/div>\n\n\n\n<p><strong>CTEK NJORD\u00ae GO<mark style=\"background-color:rgba(0, 0, 0, 0)\" class=\"has-inline-color has-vivid-red-color\"> <\/mark><a href=\"https:\/\/www.ctek.com\/uk\/ev-charging\/ev-chargers-evse\/njord-go\" data-type=\"link\" data-id=\"https:\/\/www.ctek.com\/uk\/ev-charging\/ev-chargers-evse\/njord-go\" target=\"_blank\" rel=\"noreferrer noopener\">N\u00e1nari uppl\u00fdsingar.<\/a><\/strong><\/p>\n\n\n\n<div style=\"height:10px\" aria-hidden=\"true\" class=\"wp-block-spacer\"><\/div>\n\n\n\n<h3 class=\"wp-block-heading\">\u00deriggja fasa 16A hle\u00f0slut\u00e6ki fyrir rafb\u00edla me\u00f0 veggfestingu.<\/h3>\n\n\n\n<figure class=\"wp-block-image size-full\"><img loading=\"lazy\" decoding=\"async\" width=\"1000\" height=\"500\" src=\"https:\/\/ctek.is\/wp-content\/uploads\/NJORD_GO-web-big-1.jpg\" alt=\"\" class=\"wp-image-1051\" srcset=\"https:\/\/ctek.is\/wp-content\/uploads\/NJORD_GO-web-big-1.jpg 1000w, https:\/\/ctek.is\/wp-content\/uploads\/NJORD_GO-web-big-1-800x400.jpg 800w, https:\/\/ctek.is\/wp-content\/uploads\/NJORD_GO-web-big-1-768x384.jpg 768w\" sizes=\"auto, (max-width: 1000px) 100vw, 1000px\" \/><\/figure>\n\n\n\n<p>CTEK NJORD\u00ae GO er snjallt hle\u00f0slut\u00e6ki fyrir rafb\u00edla, au\u00f0velt \u00ed notkun og endingargott. Margir hle\u00f0slu m\u00f6guleikar \u2013 allt a\u00f0 11 kW. Vanda\u00f0ir \u00e1fastir kaplar: 1,5 metra \u00feriggja fasa sn\u00fara og 5 metra hle\u00f0slusn\u00fara me\u00f0 Type 2 tengi.<\/p>\n\n\n\n<p>Stingdu bara hle\u00f0slut\u00e6kinu \u00ed 16A \u00feriggja fasa innstungu heima e\u00f0a a\u00f0 heiman og l\u00e1ttu t\u00e6ki\u00f0 sj\u00e1 um afganginn. NJORD\u00ae GO b\u00fdr a\u00f0 n\u00fdjustu t\u00e6kni fyrir n\u00e1tt\u00farulega k\u00e6lingu, sem gerir \u00fe\u00e9r kleift a\u00f0 hla\u00f0a me\u00f0 miklum krafti jafnvel \u00feegar umhverfishiti er h\u00e1r. \u00cd pakkanum er einnig NJORD\u00ae GO veggfesting \u2013 \u00f6flug, \u00f6rugg og l\u00e6sanleg. Veggfestingin veitir snyrtilega og skipulega geymslu \u00e1 sn\u00farum t\u00e6kisins og ver hle\u00f0slut\u00e6ki\u00f0 vel.<\/p>\n\n\n\n<p><\/p>\n\n\n\n<h2 class=\"wp-block-heading\">Eiginleikar<\/h2>\n\n\n\n<ul class=\"wp-block-list\">\n<li>Hagkv\u00e6mt 16 A \/ \u00feriggja fasa (11 kW) hle\u00f0slut\u00e6ki fyrir rafb\u00edla me\u00f0 Type 2 tengi.<\/li>\n\n\n\n<li>H\u00e6gt a\u00f0 nota vi\u00f0 hitastig fr\u00e1 -30 \u00b0C til +50 \u00b0C.<\/li>\n\n\n\n<li>NJORD\u00ae GO VEGGFESTING fyrir skipulag kapla.<\/li>\n\n\n\n<li>CTEK APPi\u00f0 gefur \u00fe\u00e9r fulla stj\u00f3rn \u00e1 hle\u00f0slu \u00ed gegnum fars\u00edmann \u00feinn og Bluetooth\u00ae\/Wi Fi.<\/li>\n\n\n\n<li>Skipulegg\u00f0u hle\u00f0slu \u00e1 fyrirfram v\u00f6ldum t\u00edmum og t\u00edmabilum yfir daginn.<\/li>\n\n\n\n<li>L\u00e6kka\u00f0u e\u00f0a h\u00e6kka\u00f0u afli\u00f0 til a\u00f0 au\u00f0velda \u00e1lagsjafnv\u00e6gi \u00e1 \u00feeim t\u00edmum \u00feegar rafmagnsnotkun \u00e1 heimili er mest.<\/li>\n\n\n\n<li>Sj\u00e1\u00f0u hle\u00f0sluferil \u00feinn.<\/li>\n\n\n\n<li>Tveggja \u00e1ra \u00e1byrg\u00f0.<\/li>\n<\/ul>\n\n\n\n<div style=\"height:57px\" aria-hidden=\"true\" class=\"wp-block-spacer\"><\/div>\n\n\n\n<div style=\"height:57px\" aria-hidden=\"true\" class=\"wp-block-spacer\"><\/div>\n","protected":false},"excerpt":{"rendered":"<p>CC3 Hle\u00f0slust\u00f6\u00f0 fyrir 1 x 22kw Type 2 Heimahle\u00f0slust\u00f6\u00f0 fyrir rafb\u00edla me\u00f0 hle\u00f0slutengla af ger\u00f0 2.St\u00f6\u00f0in er \u00feriggjafasa 230\/400V og afl hennar er 1x 22 kW.Einn tengill eru \u00e1 st\u00f6\u00f0inniHle\u00f0slusn\u00fara fylgir ekki me\u00f0.St\u00f6\u00f0in er me\u00f0 innbygg\u00f0u \u00f6ryggi og lekali\u00f0a (B-ger\u00f0)H\u00e6gt er a\u00f0 tengja st\u00f6\u00f0ina vi\u00f0 net og stj\u00f3rna henni me\u00f0 hle\u00f0slust\u00fdringu og \u00ed gegnum snjalls\u00edma. [&hellip;]<\/p>\n","protected":false},"author":2,"featured_media":0,"parent":745,"menu_order":0,"comment_status":"closed","ping_status":"closed","template":"","meta":{"_acf_changed":false,"footnotes":""},"class_list":["post-759","page","type-page","status-publish","hentry"],"acf":[],"_links":{"self":[{"href":"https:\/\/ctek.is\/index.php?rest_route=\/wp\/v2\/pages\/759","targetHints":{"allow":["GET"]}}],"collection":[{"href":"https:\/\/ctek.is\/index.php?rest_route=\/wp\/v2\/pages"}],"about":[{"href":"https:\/\/ctek.is\/index.php?rest_route=\/wp\/v2\/types\/page"}],"author":[{"embeddable":true,"href":"https:\/\/ctek.is\/index.php?rest_route=\/wp\/v2\/users\/2"}],"replies":[{"embeddable":true,"href":"https:\/\/ctek.is\/index.php?rest_route=%2Fwp%2Fv2%2Fcomments&post=759"}],"version-history":[{"count":33,"href":"https:\/\/ctek.is\/index.php?rest_route=\/wp\/v2\/pages\/759\/revisions"}],"predecessor-version":[{"id":1195,"href":"https:\/\/ctek.is\/index.php?rest_route=\/wp\/v2\/pages\/759\/revisions\/1195"}],"up":[{"embeddable":true,"href":"https:\/\/ctek.is\/index.php?rest_route=\/wp\/v2\/pages\/745"}],"wp:attachment":[{"href":"https:\/\/ctek.is\/index.php?rest_route=%2Fwp%2Fv2%2Fmedia&parent=759"}],"curies":[{"name":"wp","href":"https:\/\/api.w.org\/{rel}","templated":true}]}}